{"id":18,"date":"2014-08-26T12:10:47","date_gmt":"2014-08-26T12:10:47","guid":{"rendered":"http:\/\/www.piroschka.cl\/sitio\/?page_id=18"},"modified":"2014-08-26T12:17:03","modified_gmt":"2014-08-26T12:17:03","slug":"nosotros","status":"publish","type":"page","link":"https:\/\/www.piroschka.cl\/sitio\/nosotros\/","title":{"rendered":"Nosotros"},"content":{"rendered":"<p>Desde 1983, y en forma permanente, Piroschka,  nombre h\u00fangaro que significa Rosita o Caperucita Roja, ofrece una selecta y aut\u00e9ntica reposter\u00eda de origen alem\u00e1n y h\u00fangaro, tradici\u00f3n que se ha mantenido pura mediante el traspaso de las m\u00e1s exquisitas recetas familiares heredadas de generaci\u00f3n en generaci\u00f3n.<br \/>\nSiempre en la l\u00ednea, de autenticidad y originalidad , Piroschka , y su f\u00e1brica ubicada en el sur de nuestro pa\u00eds, ofrece en forma habitual  tortas , kuchen, mazap\u00e1n, chocolate,  mermeladas caseras, miel de ulmo, variedad de deliciosas galletas,  casitas de miel  y gran cantidad de productos exclusivos, delicatesen, regalos y manualidades, elaborados tanto por nosotros como por artesanos escogidos, convirti\u00e9ndonos en el lugar predilecto, de nuestros distinguidos clientes finales y empresas, para celebrar cumplea\u00f1os, compartir con sus familias, elegir regalos y todo lo necesario para ambientar sus hogares, especialmente para fechas importantes como Navidad, Pascua de Resurrecci\u00f3n, aniversarios, celebraciones corporativas, campa\u00f1as de marketing y otras.<\/p>\n","protected":false},"excerpt":{"rendered":"<p>Desde 1983, y en forma permanente, Piroschka, nombre h\u00fangaro que significa Rosita o Caperucita Roja, ofrece una selecta y aut\u00e9ntica&#8230;<\/p>\n","protected":false},"author":1,"featured_media":0,"parent":0,"menu_order":0,"comment_status":"open","ping_status":"open","template":"template-fullwidth.php","meta":{"footnotes":""},"_links":{"self":[{"href":"https:\/\/www.piroschka.cl\/sitio\/wp-json\/wp\/v2\/pages\/18"}],"collection":[{"href":"https:\/\/www.piroschka.cl\/sitio\/wp-json\/wp\/v2\/pages"}],"about":[{"href":"https:\/\/www.piroschka.cl\/sitio\/wp-json\/wp\/v2\/types\/page"}],"author":[{"embeddable":true,"href":"https:\/\/www.piroschka.cl\/sitio\/wp-json\/wp\/v2\/users\/1"}],"replies":[{"embeddable":true,"href":"https:\/\/www.piroschka.cl\/sitio\/wp-json\/wp\/v2\/comments?post=18"}],"version-history":[{"count":2,"href":"https:\/\/www.piroschka.cl\/sitio\/wp-json\/wp\/v2\/pages\/18\/revisions"}],"predecessor-version":[{"id":24,"href":"https:\/\/www.piroschka.cl\/sitio\/wp-json\/wp\/v2\/pages\/18\/revisions\/24"}],"wp:attachment":[{"href":"https:\/\/www.piroschka.cl\/sitio\/wp-json\/wp\/v2\/media?parent=18"}],"curies":[{"name":"wp","href":"https:\/\/api.w.org\/{rel}","templated":true}]}}