{"id":303,"date":"2014-09-03T18:32:58","date_gmt":"2014-09-03T18:32:58","guid":{"rendered":"http:\/\/www.piroschka.cl\/sitio\/?page_id=303"},"modified":"2021-04-14T13:50:40","modified_gmt":"2021-04-14T17:50:40","slug":"despachos","status":"publish","type":"page","link":"https:\/\/www.piroschka.cl\/sitio\/despachos\/","title":{"rendered":"Despachos"},"content":{"rendered":"<h2><strong>Condiciones de env\u00edo<\/strong><\/h2>\n<p>&nbsp;<\/p>\n<p style=\"font-family: arial;\"><strong>Piroschka<\/strong> cumpli\u00f3 37 a\u00f1os al servicio de nuestros distinguidos clientes, caracteriz\u00e1ndose por la dedicaci\u00f3n y esmero con que fabrica y selecciona cada uno de los productos ofrecidos. Su pedido se despachar\u00e1 sellado de forma de garantizar que reciba en \u00f3ptimas condiciones. De no ser as\u00ed, por favor devolver el producto y con mucho gusto le enviaremos otro de cambio. La entrega se realizar\u00e1 <strong>entre las 24 y 48 horas siguientes a partir de la confirmaci\u00f3n de su pago<\/strong>. Solicitudes recibidas v\u00eda internet los d\u00edas s\u00e1bado, domingo o festivos ser\u00e1n confirmadas y despachadas el d\u00eda lunes, o primer d\u00eda h\u00e1bil, siguiente. Los pedidos realizados por medio de nuestra p\u00e1gina web deben ser por un <strong>monto igual o superior a $ 20.000<\/strong>. Todo despacho tiene un <strong>recargo de $ 4.500 <\/strong><strong>por concepto de transporte<\/strong>, dentro de nuestro radio de cobertura. Los despachos se realizan en las comunas de <strong>\u00d1u\u00f1oa, La Reina, Providencia, Las Condes, Vitacura y La Dehesa<\/strong>.<\/p>\n<p>&nbsp;<\/p>\n<p>Para <strong>otras comunas y siempre dentro de Santiago<\/strong>, considerados pedidos especiales, <strong>favor contactar al fono 222191561<\/strong><\/p>\n<p>Piroschka no realiza despachos fuera de Santiago debido a que no puede garantizar el adecuado cuidado de sus delicados productos.<\/p>\n","protected":false},"excerpt":{"rendered":"<p>Condiciones de env\u00edo &nbsp; Piroschka cumpli\u00f3 37 a\u00f1os al servicio de nuestros distinguidos clientes, caracteriz\u00e1ndose por la dedicaci\u00f3n y esmero&#8230;<\/p>\n","protected":false},"author":1,"featured_media":0,"parent":0,"menu_order":0,"comment_status":"closed","ping_status":"closed","template":"","meta":{"footnotes":""},"_links":{"self":[{"href":"https:\/\/www.piroschka.cl\/sitio\/wp-json\/wp\/v2\/pages\/303"}],"collection":[{"href":"https:\/\/www.piroschka.cl\/sitio\/wp-json\/wp\/v2\/pages"}],"about":[{"href":"https:\/\/www.piroschka.cl\/sitio\/wp-json\/wp\/v2\/types\/page"}],"author":[{"embeddable":true,"href":"https:\/\/www.piroschka.cl\/sitio\/wp-json\/wp\/v2\/users\/1"}],"replies":[{"embeddable":true,"href":"https:\/\/www.piroschka.cl\/sitio\/wp-json\/wp\/v2\/comments?post=303"}],"version-history":[{"count":13,"href":"https:\/\/www.piroschka.cl\/sitio\/wp-json\/wp\/v2\/pages\/303\/revisions"}],"predecessor-version":[{"id":9335,"href":"https:\/\/www.piroschka.cl\/sitio\/wp-json\/wp\/v2\/pages\/303\/revisions\/9335"}],"wp:attachment":[{"href":"https:\/\/www.piroschka.cl\/sitio\/wp-json\/wp\/v2\/media?parent=303"}],"curies":[{"name":"wp","href":"https:\/\/api.w.org\/{rel}","templated":true}]}}