{"id":1056,"date":"2017-04-08T20:25:24","date_gmt":"2017-04-09T00:25:24","guid":{"rendered":"http:\/\/www.piroschka.cl\/sitio\/?post_type=product&#038;p=1056"},"modified":"2023-09-16T11:46:18","modified_gmt":"2023-09-16T15:46:18","slug":"mug-medianos-y-grandes","status":"publish","type":"product","link":"https:\/\/www.piroschka.cl\/sitio\/producto\/mug-medianos-y-grandes\/","title":{"rendered":"Mugs de cer\u00e1mica &#8211; tres tama\u00f1os"},"content":{"rendered":"<p>En cer\u00e1mica Gres, con decoraciones alusivas a Chile, especiales para el desayuno o caf\u00e9s en casa u oficina<\/p>\n","protected":false},"excerpt":{"rendered":"<p>En cer\u00e1mica Gres, con decoraciones alusivas a Chile, especiales para el desayuno o caf\u00e9s en casa u oficina<\/p>\n","protected":false},"featured_media":9416,"comment_status":"open","ping_status":"closed","template":"","meta":[],"_links":{"self":[{"href":"https:\/\/www.piroschka.cl\/sitio\/wp-json\/wp\/v2\/product\/1056"}],"collection":[{"href":"https:\/\/www.piroschka.cl\/sitio\/wp-json\/wp\/v2\/product"}],"about":[{"href":"https:\/\/www.piroschka.cl\/sitio\/wp-json\/wp\/v2\/types\/product"}],"replies":[{"embeddable":true,"href":"https:\/\/www.piroschka.cl\/sitio\/wp-json\/wp\/v2\/comments?post=1056"}],"wp:featuredmedia":[{"embeddable":true,"href":"https:\/\/www.piroschka.cl\/sitio\/wp-json\/wp\/v2\/media\/9416"}],"wp:attachment":[{"href":"https:\/\/www.piroschka.cl\/sitio\/wp-json\/wp\/v2\/media?parent=1056"}],"curies":[{"name":"wp","href":"https:\/\/api.w.org\/{rel}","templated":true}]}}