{"id":9464,"date":"2023-12-07T06:03:09","date_gmt":"2023-12-07T10:03:09","guid":{"rendered":"https:\/\/www.piroschka.cl\/sitio\/?post_type=product&#038;p=9464"},"modified":"2023-12-07T06:03:09","modified_gmt":"2023-12-07T10:03:09","slug":"arbol-decorativo","status":"publish","type":"product","link":"https:\/\/www.piroschka.cl\/sitio\/producto\/arbol-decorativo\/","title":{"rendered":"\u00c1rbol Decorativo"},"content":{"rendered":"<p>Si amas la naturaleza, decora tu jard\u00edn o tu living con este gran y hermoso \u00e1rbol decorativo.<\/p>\n","protected":false},"excerpt":{"rendered":"<p>Si amas la naturaleza, decora tu jard\u00edn o tu living con este gran y hermoso \u00e1rbol decorativo.<\/p>\n","protected":false},"featured_media":9465,"comment_status":"open","ping_status":"closed","template":"","meta":[],"_links":{"self":[{"href":"https:\/\/www.piroschka.cl\/sitio\/wp-json\/wp\/v2\/product\/9464"}],"collection":[{"href":"https:\/\/www.piroschka.cl\/sitio\/wp-json\/wp\/v2\/product"}],"about":[{"href":"https:\/\/www.piroschka.cl\/sitio\/wp-json\/wp\/v2\/types\/product"}],"replies":[{"embeddable":true,"href":"https:\/\/www.piroschka.cl\/sitio\/wp-json\/wp\/v2\/comments?post=9464"}],"wp:featuredmedia":[{"embeddable":true,"href":"https:\/\/www.piroschka.cl\/sitio\/wp-json\/wp\/v2\/media\/9465"}],"wp:attachment":[{"href":"https:\/\/www.piroschka.cl\/sitio\/wp-json\/wp\/v2\/media?parent=9464"}],"curies":[{"name":"wp","href":"https:\/\/api.w.org\/{rel}","templated":true}]}}